{"id":2071,"date":"2013-08-28T07:15:40","date_gmt":"2013-08-28T07:15:40","guid":{"rendered":"https:\/\/www.ccbernardo.com\/?page_id=2071"},"modified":"2025-07-24T12:03:22","modified_gmt":"2025-07-24T10:03:22","slug":"engagement","status":"publish","type":"page","link":"https:\/\/www.ccbernardo.com\/fr\/engagement\/","title":{"rendered":"ENGAGEMENT"},"content":{"rendered":"<p><img loading=\"lazy\" decoding=\"async\" class=\"alignleft wp-image-3849\" src=\"https:\/\/www.ccbernardo.com\/fr\/wp-content\/uploads\/sites\/3\/2013\/08\/redes-sociales-universo.jpg\" alt=\"redes-sociales-universo\" width=\"267\" height=\"200\" srcset=\"https:\/\/www.ccbernardo.com\/fr\/wp-content\/uploads\/sites\/3\/2013\/08\/redes-sociales-universo.jpg 640w, https:\/\/www.ccbernardo.com\/fr\/wp-content\/uploads\/sites\/3\/2013\/08\/redes-sociales-universo-300x225.jpg 300w\" sizes=\"auto, (max-width: 267px) 100vw, 267px\" \/><\/p>\n<div class=\"span8\">\n<h1>Syst\u00e8me de gestion int\u00e9gr\u00e9e<\/h1>\n<p>Afin d'am\u00e9liorer et d'offrir un meilleur service \u00e0 nos clients, C Y C BERNARDO a jug\u00e9 n\u00e9cessaire de mettre en place un Syst\u00e8me de Gestion Int\u00e9gr\u00e9 conforme \u00e0 la norme internationale ISO 9001 ; ISO 14001 ET ISO 45001 avec lesquelles la Direction s'est engag\u00e9e et que tout le personnel de l'entreprise doit conna\u00eetre et appliquer conform\u00e9ment aux fonctions qui lui sont confi\u00e9es.<\/p>\n<p>L'activit\u00e9 de l'organisation pour ce syst\u00e8me de gestion de la qualit\u00e9 est\u00a0:<\/p>\n<p>La construction de b\u00e2timents agricoles, industriels et d'\u00e9levage. La construction et la r\u00e9novation de maisons et de travaux publics (excavations, structures, canalisations, routes et pistes)<\/p>\n<p>En tant qu'\u00e9quipe que nous formons, l'id\u00e9e de qualit\u00e9 et d'am\u00e9lioration des niveaux de pr\u00e9vention de la pollution et de s\u00e9curit\u00e9 au travail doit \u00eatre pr\u00e9sente dans notre activit\u00e9 quotidienne et doit \u00eatre consid\u00e9r\u00e9e comme un objectif prioritaire dans toutes nos activit\u00e9s et d\u00e9cisions. \u00c0 cette fin, C Y C BERNARDO acquiert un engagement pour pr\u00e9venir les dommages et la d\u00e9t\u00e9rioration de la sant\u00e9 et l'am\u00e9lioration continue de la gestion et des performances de la SST.<\/p>\n<p>Afin de nous am\u00e9liorer jour apr\u00e8s jour et d'atteindre nos objectifs, la direction encourage tout le personnel \u00e0 collaborer avec leurs id\u00e9es pour d\u00e9velopper un bon travail et atteindre un environnement de travail optimal. Il s'agit, non pas de rechercher les failles des erreurs, mais de trouver les causes qui les engendrent pour les \u00e9liminer et ainsi pr\u00e9venir leur apparition dans le futur.<\/p>\n<p>Le respect de la Politique Int\u00e9gr\u00e9e \u00e9nonc\u00e9e ici, ainsi que les objectifs d\u00e9termin\u00e9s annuellement et leur suivi, seront examin\u00e9s lors de r\u00e9unions tenues p\u00e9riodiquement par la Direction pour la r\u00e9vision du Syst\u00e8me de Management Int\u00e9gr\u00e9, ce qui entra\u00eenera les changements n\u00e9cessaires pour am\u00e9liorer continuellement l'efficacit\u00e9. .de l'ensemble de l'entreprise.<\/p>\n<table style=\"height: 320px;\" width=\"693\">\n<tbody>\n<tr>\n<td>&nbsp;<\/p>\n<p><a href=\"https:\/\/www.ccbernardo.com\/fr\/wp-content\/uploads\/sites\/3\/2022\/08\/2022-Sello-ER.jpg\">\u00a0\u00a0 <\/a><a href=\"https:\/\/www.ccbernardo.com\/fr\/wp-content\/uploads\/sites\/3\/2025\/07\/Empresa-Registrada-2025.pdf\"><img loading=\"lazy\" decoding=\"async\" class=\"alignnone wp-image-4902\" src=\"https:\/\/www.ccbernardo.com\/fr\/wp-content\/uploads\/sites\/3\/2022\/08\/2022-Sello-ER-300x285.jpg\" alt=\"\" width=\"103\" height=\"98\" srcset=\"https:\/\/www.ccbernardo.com\/fr\/wp-content\/uploads\/sites\/3\/2022\/08\/2022-Sello-ER-300x285.jpg 300w, https:\/\/www.ccbernardo.com\/fr\/wp-content\/uploads\/sites\/3\/2022\/08\/2022-Sello-ER-768x731.jpg 768w, https:\/\/www.ccbernardo.com\/fr\/wp-content\/uploads\/sites\/3\/2022\/08\/2022-Sello-ER.jpg 904w\" sizes=\"auto, (max-width: 103px) 100vw, 103px\" \/><\/a><a href=\"https:\/\/www.ccbernardo.com\/fr\/wp-content\/uploads\/sites\/3\/2022\/08\/2022-iqnet.jpg\">\u00a0 \u00a0 <\/a><a href=\"https:\/\/www.ccbernardo.com\/fr\/wp-content\/uploads\/sites\/3\/2025\/07\/IQNet-Empresa-Registrada-2025.pdf\"><img loading=\"lazy\" decoding=\"async\" class=\"alignnone wp-image-4905\" src=\"https:\/\/www.ccbernardo.com\/fr\/wp-content\/uploads\/sites\/3\/2022\/08\/2022-iqnet-300x300.jpg\" alt=\"\" width=\"90\" height=\"90\" srcset=\"https:\/\/www.ccbernardo.com\/fr\/wp-content\/uploads\/sites\/3\/2022\/08\/2022-iqnet-300x300.jpg 300w, https:\/\/www.ccbernardo.com\/fr\/wp-content\/uploads\/sites\/3\/2022\/08\/2022-iqnet-1024x1022.jpg 1024w, https:\/\/www.ccbernardo.com\/fr\/wp-content\/uploads\/sites\/3\/2022\/08\/2022-iqnet-150x150.jpg 150w, https:\/\/www.ccbernardo.com\/fr\/wp-content\/uploads\/sites\/3\/2022\/08\/2022-iqnet-768x767.jpg 768w, https:\/\/www.ccbernardo.com\/fr\/wp-content\/uploads\/sites\/3\/2022\/08\/2022-iqnet.jpg 1072w\" sizes=\"auto, (max-width: 90px) 100vw, 90px\" \/><\/a> <a href=\"https:\/\/www.ccbernardo.com\/fr\/wp-content\/uploads\/sites\/3\/2022\/08\/2022-iqnet.jpg\">\u00a0 \u00a0 \u00a0 \u00a0 \u00a0 \u00a0 \u00a0<\/a> <a href=\"https:\/\/www.ccbernardo.com\/fr\/wp-content\/uploads\/sites\/3\/2022\/08\/2022-Sello-SST.jpg\">\u00a0\u00a0\u00a0 <\/a><a href=\"https:\/\/www.ccbernardo.com\/fr\/wp-content\/uploads\/sites\/3\/2025\/07\/Gestion-ambiental-2025.pdf\"><img loading=\"lazy\" decoding=\"async\" class=\"alignnone wp-image-4904\" src=\"https:\/\/www.ccbernardo.com\/fr\/wp-content\/uploads\/sites\/3\/2022\/08\/2022-Sello-SST-300x285.jpg\" alt=\"\" width=\"97\" height=\"92\" srcset=\"https:\/\/www.ccbernardo.com\/fr\/wp-content\/uploads\/sites\/3\/2022\/08\/2022-Sello-SST-300x285.jpg 300w, https:\/\/www.ccbernardo.com\/fr\/wp-content\/uploads\/sites\/3\/2022\/08\/2022-Sello-SST-768x730.jpg 768w, https:\/\/www.ccbernardo.com\/fr\/wp-content\/uploads\/sites\/3\/2022\/08\/2022-Sello-SST.jpg 904w\" sizes=\"auto, (max-width: 97px) 100vw, 97px\" \/><\/a><a href=\"https:\/\/www.ccbernardo.com\/fr\/wp-content\/uploads\/sites\/3\/2025\/07\/IQNet-Gestion-ambiental-2025.pdf\"><img loading=\"lazy\" decoding=\"async\" class=\"alignnone wp-image-4905\" src=\"https:\/\/www.ccbernardo.com\/fr\/wp-content\/uploads\/sites\/3\/2022\/08\/2022-iqnet-300x300.jpg\" alt=\"\" width=\"96\" height=\"96\" srcset=\"https:\/\/www.ccbernardo.com\/fr\/wp-content\/uploads\/sites\/3\/2022\/08\/2022-iqnet-300x300.jpg 300w, https:\/\/www.ccbernardo.com\/fr\/wp-content\/uploads\/sites\/3\/2022\/08\/2022-iqnet-1024x1022.jpg 1024w, https:\/\/www.ccbernardo.com\/fr\/wp-content\/uploads\/sites\/3\/2022\/08\/2022-iqnet-150x150.jpg 150w, https:\/\/www.ccbernardo.com\/fr\/wp-content\/uploads\/sites\/3\/2022\/08\/2022-iqnet-768x767.jpg 768w, https:\/\/www.ccbernardo.com\/fr\/wp-content\/uploads\/sites\/3\/2022\/08\/2022-iqnet.jpg 1072w\" sizes=\"auto, (max-width: 96px) 100vw, 96px\" \/><\/a><\/p>\n<p><a href=\"https:\/\/www.ccbernardo.com\/fr\/wp-content\/uploads\/sites\/3\/2022\/08\/2022-Sella-GA.jpg\">\u00a0 <\/a><a href=\"https:\/\/www.ccbernardo.com\/fr\/wp-content\/uploads\/sites\/3\/2025\/07\/Certificado-SST-2025.pdf\"><img loading=\"lazy\" decoding=\"async\" class=\"alignnone wp-image-4903\" src=\"https:\/\/www.ccbernardo.com\/fr\/wp-content\/uploads\/sites\/3\/2022\/08\/2022-Sella-GA-300x285.jpg\" alt=\"\" width=\"102\" height=\"97\" srcset=\"https:\/\/www.ccbernardo.com\/fr\/wp-content\/uploads\/sites\/3\/2022\/08\/2022-Sella-GA-300x285.jpg 300w, https:\/\/www.ccbernardo.com\/fr\/wp-content\/uploads\/sites\/3\/2022\/08\/2022-Sella-GA-768x730.jpg 768w, https:\/\/www.ccbernardo.com\/fr\/wp-content\/uploads\/sites\/3\/2022\/08\/2022-Sella-GA.jpg 904w\" sizes=\"auto, (max-width: 102px) 100vw, 102px\" \/><\/a><a href=\"https:\/\/www.ccbernardo.com\/fr\/wp-content\/uploads\/sites\/3\/2025\/07\/IQNet-SST-2025.pdf\"><img loading=\"lazy\" decoding=\"async\" class=\"alignnone wp-image-4905\" src=\"https:\/\/www.ccbernardo.com\/fr\/wp-content\/uploads\/sites\/3\/2022\/08\/2022-iqnet-300x300.jpg\" alt=\"\" width=\"96\" height=\"96\" srcset=\"https:\/\/www.ccbernardo.com\/fr\/wp-content\/uploads\/sites\/3\/2022\/08\/2022-iqnet-300x300.jpg 300w, https:\/\/www.ccbernardo.com\/fr\/wp-content\/uploads\/sites\/3\/2022\/08\/2022-iqnet-1024x1022.jpg 1024w, https:\/\/www.ccbernardo.com\/fr\/wp-content\/uploads\/sites\/3\/2022\/08\/2022-iqnet-150x150.jpg 150w, https:\/\/www.ccbernardo.com\/fr\/wp-content\/uploads\/sites\/3\/2022\/08\/2022-iqnet-768x767.jpg 768w, https:\/\/www.ccbernardo.com\/fr\/wp-content\/uploads\/sites\/3\/2022\/08\/2022-iqnet.jpg 1072w\" sizes=\"auto, (max-width: 96px) 100vw, 96px\" \/><\/a><\/p>\n<p>&nbsp;<\/td>\n<td><\/td>\n<td>&nbsp;<\/p>\n<p>&nbsp;<\/p>\n<p>&nbsp;<\/p>\n<p>&nbsp;<\/p>\n<p>&nbsp;<\/td>\n<\/tr>\n<\/tbody>\n<\/table>\n<p>&nbsp;<\/p>\n<\/div>\n","protected":false},"excerpt":{"rendered":"<p>Syst\u00e8me de gestion int\u00e9gr\u00e9e Afin d'am\u00e9liorer et d'offrir un meilleur service \u00e0 nos clients, C Y C BERNARDO a jug\u00e9 n\u00e9cessaire de mettre en place un Syst\u00e8me de Gestion Int\u00e9gr\u00e9 conforme \u00e0 la norme internationale ISO 9001 ; ISO 14001 ET ISO 45001 avec lesquelles la Direction s'est engag\u00e9e et que tout le personnel de l'entreprise doit conna\u00eetre et appliquer&nbsp;<a href=\"https:\/\/www.ccbernardo.com\/fr\/engagement\/\" class=\"read-more\">Lire la suite<\/a><\/p>\n","protected":false},"author":1,"featured_media":0,"parent":0,"menu_order":2,"comment_status":"open","ping_status":"open","template":"page-fullwidth.php","meta":{"footnotes":""},"class_list":["post-2071","page","type-page","status-publish","hentry"],"yoast_head":"<!-- This site is optimized with the Yoast SEO plugin v26.9 - https:\/\/yoast.com\/product\/yoast-seo-wordpress\/ -->\n<title>ENGAGEMENT - Construcciones Bernardo<\/title>\n<meta name=\"robots\" content=\"index, follow, max-snippet:-1, max-image-preview:large, max-video-preview:-1\" \/>\n<link rel=\"canonical\" href=\"https:\/\/www.ccbernardo.com\/fr\/engagement\/\" \/>\n<meta property=\"og:locale\" content=\"fr_FR\" \/>\n<meta property=\"og:type\" content=\"article\" \/>\n<meta property=\"og:title\" content=\"ENGAGEMENT - Construcciones Bernardo\" \/>\n<meta property=\"og:description\" content=\"Syst\u00e8me de gestion int\u00e9gr\u00e9e Afin d&#039;am\u00e9liorer et d&#039;offrir un meilleur service \u00e0 nos clients, C Y C BERNARDO a jug\u00e9 n\u00e9cessaire de mettre en place un Syst\u00e8me de Gestion Int\u00e9gr\u00e9 conforme \u00e0 la norme internationale ISO 9001 ; ISO 14001 ET ISO 45001 avec lesquelles la Direction s&#039;est engag\u00e9e et que tout le personnel de l&#039;entreprise doit conna\u00eetre et appliquer&nbsp;Lire la suite\" \/>\n<meta property=\"og:url\" content=\"https:\/\/www.ccbernardo.com\/fr\/engagement\/\" \/>\n<meta property=\"og:site_name\" content=\"Construcciones Bernardo\" \/>\n<meta property=\"article:modified_time\" content=\"2025-07-24T10:03:22+00:00\" \/>\n<meta property=\"og:image\" content=\"https:\/\/www.ccbernardo.com\/fr\/wp-content\/uploads\/sites\/3\/2013\/08\/redes-sociales-universo.jpg\" \/>\n\t<meta property=\"og:image:width\" content=\"640\" \/>\n\t<meta property=\"og:image:height\" content=\"480\" \/>\n\t<meta property=\"og:image:type\" content=\"image\/jpeg\" \/>\n<meta name=\"twitter:label1\" content=\"Dur\u00e9e de lecture estim\u00e9e\" \/>\n\t<meta name=\"twitter:data1\" content=\"3 minutes\" \/>\n<script type=\"application\/ld+json\" class=\"yoast-schema-graph\">{\"@context\":\"https:\/\/schema.org\",\"@graph\":[{\"@type\":\"WebPage\",\"@id\":\"https:\/\/www.ccbernardo.com\/fr\/engagement\/\",\"url\":\"https:\/\/www.ccbernardo.com\/fr\/engagement\/\",\"name\":\"ENGAGEMENT - Construcciones Bernardo\",\"isPartOf\":{\"@id\":\"https:\/\/www.ccbernardo.com\/fr\/#website\"},\"primaryImageOfPage\":{\"@id\":\"https:\/\/www.ccbernardo.com\/fr\/engagement\/#primaryimage\"},\"image\":{\"@id\":\"https:\/\/www.ccbernardo.com\/fr\/engagement\/#primaryimage\"},\"thumbnailUrl\":\"https:\/\/www.ccbernardo.com\/fr\/wp-content\/uploads\/sites\/3\/2013\/08\/redes-sociales-universo.jpg\",\"datePublished\":\"2013-08-28T07:15:40+00:00\",\"dateModified\":\"2025-07-24T10:03:22+00:00\",\"breadcrumb\":{\"@id\":\"https:\/\/www.ccbernardo.com\/fr\/engagement\/#breadcrumb\"},\"inLanguage\":\"fr-FR\",\"potentialAction\":[{\"@type\":\"ReadAction\",\"target\":[\"https:\/\/www.ccbernardo.com\/fr\/engagement\/\"]}]},{\"@type\":\"ImageObject\",\"inLanguage\":\"fr-FR\",\"@id\":\"https:\/\/www.ccbernardo.com\/fr\/engagement\/#primaryimage\",\"url\":\"https:\/\/www.ccbernardo.com\/fr\/wp-content\/uploads\/sites\/3\/2013\/08\/redes-sociales-universo.jpg\",\"contentUrl\":\"https:\/\/www.ccbernardo.com\/fr\/wp-content\/uploads\/sites\/3\/2013\/08\/redes-sociales-universo.jpg\",\"width\":640,\"height\":480},{\"@type\":\"BreadcrumbList\",\"@id\":\"https:\/\/www.ccbernardo.com\/fr\/engagement\/#breadcrumb\",\"itemListElement\":[{\"@type\":\"ListItem\",\"position\":1,\"name\":\"Portada\",\"item\":\"https:\/\/www.ccbernardo.com\/fr\/\"},{\"@type\":\"ListItem\",\"position\":2,\"name\":\"ENGAGEMENT\"}]},{\"@type\":\"WebSite\",\"@id\":\"https:\/\/www.ccbernardo.com\/fr\/#website\",\"url\":\"https:\/\/www.ccbernardo.com\/fr\/\",\"name\":\"Construcciones Bernardo\",\"description\":\"\",\"potentialAction\":[{\"@type\":\"SearchAction\",\"target\":{\"@type\":\"EntryPoint\",\"urlTemplate\":\"https:\/\/www.ccbernardo.com\/fr\/?s={search_term_string}\"},\"query-input\":{\"@type\":\"PropertyValueSpecification\",\"valueRequired\":true,\"valueName\":\"search_term_string\"}}],\"inLanguage\":\"fr-FR\"}]}<\/script>\n<!-- \/ Yoast SEO plugin. -->","yoast_head_json":{"title":"ENGAGEMENT - Construcciones Bernardo","robots":{"index":"index","follow":"follow","max-snippet":"max-snippet:-1","max-image-preview":"max-image-preview:large","max-video-preview":"max-video-preview:-1"},"canonical":"https:\/\/www.ccbernardo.com\/fr\/engagement\/","og_locale":"fr_FR","og_type":"article","og_title":"ENGAGEMENT - Construcciones Bernardo","og_description":"Syst\u00e8me de gestion int\u00e9gr\u00e9e Afin d'am\u00e9liorer et d'offrir un meilleur service \u00e0 nos clients, C Y C BERNARDO a jug\u00e9 n\u00e9cessaire de mettre en place un Syst\u00e8me de Gestion Int\u00e9gr\u00e9 conforme \u00e0 la norme internationale ISO 9001 ; ISO 14001 ET ISO 45001 avec lesquelles la Direction s'est engag\u00e9e et que tout le personnel de l'entreprise doit conna\u00eetre et appliquer&nbsp;Lire la suite","og_url":"https:\/\/www.ccbernardo.com\/fr\/engagement\/","og_site_name":"Construcciones Bernardo","article_modified_time":"2025-07-24T10:03:22+00:00","og_image":[{"width":640,"height":480,"url":"https:\/\/www.ccbernardo.com\/fr\/wp-content\/uploads\/sites\/3\/2013\/08\/redes-sociales-universo.jpg","type":"image\/jpeg"}],"twitter_misc":{"Dur\u00e9e de lecture estim\u00e9e":"3 minutes"},"schema":{"@context":"https:\/\/schema.org","@graph":[{"@type":"WebPage","@id":"https:\/\/www.ccbernardo.com\/fr\/engagement\/","url":"https:\/\/www.ccbernardo.com\/fr\/engagement\/","name":"ENGAGEMENT - Construcciones Bernardo","isPartOf":{"@id":"https:\/\/www.ccbernardo.com\/fr\/#website"},"primaryImageOfPage":{"@id":"https:\/\/www.ccbernardo.com\/fr\/engagement\/#primaryimage"},"image":{"@id":"https:\/\/www.ccbernardo.com\/fr\/engagement\/#primaryimage"},"thumbnailUrl":"https:\/\/www.ccbernardo.com\/fr\/wp-content\/uploads\/sites\/3\/2013\/08\/redes-sociales-universo.jpg","datePublished":"2013-08-28T07:15:40+00:00","dateModified":"2025-07-24T10:03:22+00:00","breadcrumb":{"@id":"https:\/\/www.ccbernardo.com\/fr\/engagement\/#breadcrumb"},"inLanguage":"fr-FR","potentialAction":[{"@type":"ReadAction","target":["https:\/\/www.ccbernardo.com\/fr\/engagement\/"]}]},{"@type":"ImageObject","inLanguage":"fr-FR","@id":"https:\/\/www.ccbernardo.com\/fr\/engagement\/#primaryimage","url":"https:\/\/www.ccbernardo.com\/fr\/wp-content\/uploads\/sites\/3\/2013\/08\/redes-sociales-universo.jpg","contentUrl":"https:\/\/www.ccbernardo.com\/fr\/wp-content\/uploads\/sites\/3\/2013\/08\/redes-sociales-universo.jpg","width":640,"height":480},{"@type":"BreadcrumbList","@id":"https:\/\/www.ccbernardo.com\/fr\/engagement\/#breadcrumb","itemListElement":[{"@type":"ListItem","position":1,"name":"Portada","item":"https:\/\/www.ccbernardo.com\/fr\/"},{"@type":"ListItem","position":2,"name":"ENGAGEMENT"}]},{"@type":"WebSite","@id":"https:\/\/www.ccbernardo.com\/fr\/#website","url":"https:\/\/www.ccbernardo.com\/fr\/","name":"Construcciones Bernardo","description":"","potentialAction":[{"@type":"SearchAction","target":{"@type":"EntryPoint","urlTemplate":"https:\/\/www.ccbernardo.com\/fr\/?s={search_term_string}"},"query-input":{"@type":"PropertyValueSpecification","valueRequired":true,"valueName":"search_term_string"}}],"inLanguage":"fr-FR"}]}},"_links":{"self":[{"href":"https:\/\/www.ccbernardo.com\/fr\/wp-json\/wp\/v2\/pages\/2071","targetHints":{"allow":["GET"]}}],"collection":[{"href":"https:\/\/www.ccbernardo.com\/fr\/wp-json\/wp\/v2\/pages"}],"about":[{"href":"https:\/\/www.ccbernardo.com\/fr\/wp-json\/wp\/v2\/types\/page"}],"author":[{"embeddable":true,"href":"https:\/\/www.ccbernardo.com\/fr\/wp-json\/wp\/v2\/users\/1"}],"replies":[{"embeddable":true,"href":"https:\/\/www.ccbernardo.com\/fr\/wp-json\/wp\/v2\/comments?post=2071"}],"version-history":[{"count":7,"href":"https:\/\/www.ccbernardo.com\/fr\/wp-json\/wp\/v2\/pages\/2071\/revisions"}],"predecessor-version":[{"id":5210,"href":"https:\/\/www.ccbernardo.com\/fr\/wp-json\/wp\/v2\/pages\/2071\/revisions\/5210"}],"wp:attachment":[{"href":"https:\/\/www.ccbernardo.com\/fr\/wp-json\/wp\/v2\/media?parent=2071"}],"curies":[{"name":"wp","href":"https:\/\/api.w.org\/{rel}","templated":true}]}}