{"id":203,"date":"2011-09-14T09:45:02","date_gmt":"2011-09-14T09:45:02","guid":{"rendered":"http:\/\/192.168.9.29\/Development\/TB\/?page_id=203"},"modified":"2016-11-28T00:36:39","modified_gmt":"2016-11-27T23:36:39","slug":"home","status":"publish","type":"page","link":"https:\/\/www.ccbernardo.com\/fr\/","title":{"rendered":"Accueil"},"content":{"rendered":"<ul class=\"posts-grid row-fluid unstyled home-grid ul-item-0\"><li class=\"span6 list-item-1\"><figure class=\"featured-thumbnail thumbnail\"><a href=\"https:\/\/www.ccbernardo.com\/fr\/wp-content\/uploads\/sites\/3\/2022\/08\/IMG_20210111_152731.jpg\" title=\"FOSS\u00c9 SUR\u00c9LEV\u00c9 \u00c0 SANTACARA\" rel=\"prettyPhoto-137003259[gallery0]\"><img decoding=\"async\" src=\"https:\/\/www.ccbernardo.com\/fr\/wp-content\/uploads\/sites\/3\/2022\/08\/IMG_20210111_152731-270x76.jpg\" alt=\"FOSS\u00c9 SUR\u00c9LEV\u00c9 \u00c0 SANTACARA\" \/><span class=\"zoom-icon\"><\/span><\/a><\/figure><figure class=\"featured-thumbnail thumbnail\" style=\"display:none;\"><a href=\"https:\/\/www.ccbernardo.com\/fr\/wp-content\/uploads\/sites\/3\/2022\/08\/IMG_20201215_095456.jpg\" title=\"FOSS\u00c9 SUR\u00c9LEV\u00c9 \u00c0 SANTACARA\" rel=\"prettyPhoto-137003259[gallery0]\"><span class=\"zoom-icon\"><\/span><\/a><\/figure><figure class=\"featured-thumbnail thumbnail\" style=\"display:none;\"><a href=\"https:\/\/www.ccbernardo.com\/fr\/wp-content\/uploads\/sites\/3\/2022\/08\/IMG_20201215_095503.jpg\" title=\"FOSS\u00c9 SUR\u00c9LEV\u00c9 \u00c0 SANTACARA\" rel=\"prettyPhoto-137003259[gallery0]\"><span class=\"zoom-icon\"><\/span><\/a><\/figure><figure class=\"featured-thumbnail thumbnail\" style=\"display:none;\"><a href=\"https:\/\/www.ccbernardo.com\/fr\/wp-content\/uploads\/sites\/3\/2022\/08\/IMG_20210107_124253.jpg\" title=\"FOSS\u00c9 SUR\u00c9LEV\u00c9 \u00c0 SANTACARA\" rel=\"prettyPhoto-137003259[gallery0]\"><span class=\"zoom-icon\"><\/span><\/a><\/figure><figure class=\"featured-thumbnail thumbnail\" style=\"display:none;\"><a href=\"https:\/\/www.ccbernardo.com\/fr\/wp-content\/uploads\/sites\/3\/2022\/08\/IMG_20210108_145843.jpg\" title=\"FOSS\u00c9 SUR\u00c9LEV\u00c9 \u00c0 SANTACARA\" rel=\"prettyPhoto-137003259[gallery0]\"><span class=\"zoom-icon\"><\/span><\/a><\/figure><figure class=\"featured-thumbnail thumbnail\" style=\"display:none;\"><a href=\"https:\/\/www.ccbernardo.com\/fr\/wp-content\/uploads\/sites\/3\/2022\/08\/IMG_20210111_152731-1.jpg\" title=\"FOSS\u00c9 SUR\u00c9LEV\u00c9 \u00c0 SANTACARA\" rel=\"prettyPhoto-137003259[gallery0]\"><span class=\"zoom-icon\"><\/span><\/a><\/figure><div class=\"clear\"><\/div><h5><a href=\"https:\/\/www.ccbernardo.com\/fr\/2022\/08\/22\/fosse-sureleve-a-santacara\/\" title=\"FOSS\u00c9 SUR\u00c9LEV\u00c9 \u00c0 SANTACARA\">FOSS\u00c9 SUR\u00c9LEV\u00c9 \u00c0 SANTACARA<\/a><\/h5><p class=\"excerpt\">TRAVAIL: FOSS\u00c9 SUR\u00c9LEV\u00c9 \u00c0 SANTACARA LIEU: SANTACARA (NAVARRA) TYPE DE TRAVAIL: G\u00c9NIE CIVIL CAT\u00c9GORIE DE\u2026<\/p><\/li><\/ul>\n<div class=\"row \"><div class=\"span6 \"><div class=\"title-box clearfix \"><h2 class=\"title-box_primary\">Construction<\/h2><\/div><!-- \/\/.title-box -->\n<div class=\"banner-wrap \"><figure class=\"featured-thumbnail\"><a href=\"\/fr\/portfolio\/construction\/\" title=\"\"><img decoding=\"async\" src=\"https:\/\/www.ccbernardo.com\/fr\/wp-content\/uploads\/sites\/3\/2013\/12\/destacado-edificacion.jpg\" title=\"\" alt=\"\" \/><\/a><\/figure><p>Construcciones y Contratas Bernardo, S.A se sp\u00e9cialise dans la construction de:<\/p>\n<p>- Maisons : tout type de maison neuve, notamment les maisons familiales.<br \/>\n- B\u00e2timents : pour l\u2019industrie, l\u2019agriculture et l\u2019\u00e9levage.<br \/>\n- R\u00e9novations et r\u00e9habilitations.<\/p><div class=\"link-align banner-btn\"><a href=\"\/fr\/portfolio\/construction\/\" title=\"Plus d\u2019infos\" class=\"btn btn-link\" target=\"_self\">Plus d\u2019infos<\/a><\/div><\/div><!-- .banner-wrap (end) --><\/div>\n<div class=\"span6 \"><div class=\"title-box clearfix \"><h2 class=\"title-box_primary\">G\u00e9nie civil<\/h2><\/div><!-- \/\/.title-box -->\n<div class=\"banner-wrap \"><figure class=\"featured-thumbnail\"><a href=\"\/fr\/portfolio\/genie-civil\/\" title=\"\"><img decoding=\"async\" src=\"https:\/\/www.ccbernardo.com\/fr\/wp-content\/uploads\/sites\/3\/2013\/12\/destacado-obra-civil.jpg\" title=\"\" alt=\"\" \/><\/a><\/figure><p>Construcciones y Contratas Bernardo, S.A se sp\u00e9cialise dans les travaux de g\u00e9nie civil pour:<\/p>\n<p>- Ouvrages hydrauliques : canaux et syst\u00e8mes d\u2019irrigation, barrages, stations d\u2019\u00e9puration...<br \/>\n- Voiries : urbanisation, r\u00e9novation des infrastructures, construction ou r\u00e9am\u00e9nagement des r\u00e9seaux routiers...<br \/>\n- Grandes structures..<\/p><div class=\"link-align banner-btn\"><a href=\"\/fr\/portfolio\/genie-civil\/\" title=\"Plus d\u2019infos\" class=\"btn btn-link\" target=\"_self\">Plus d\u2019infos<\/a><\/div><\/div><!-- .banner-wrap (end) --><\/div>\n<\/div><!-- .row (end) -->\n","protected":false},"excerpt":{"rendered":"","protected":false},"author":1,"featured_media":2902,"parent":0,"menu_order":0,"comment_status":"open","ping_status":"closed","template":"page-home.php","meta":{"footnotes":""},"class_list":["post-203","page","type-page","status-publish","has-post-thumbnail","hentry","cat-1-id"],"yoast_head":"<!-- This site is optimized with the Yoast SEO plugin v26.9 - https:\/\/yoast.com\/product\/yoast-seo-wordpress\/ -->\n<title>Accueil - Construcciones Bernardo<\/title>\n<meta name=\"robots\" content=\"index, follow, max-snippet:-1, max-image-preview:large, max-video-preview:-1\" \/>\n<link rel=\"canonical\" href=\"https:\/\/www.ccbernardo.com\/fr\/\" \/>\n<meta property=\"og:locale\" content=\"fr_FR\" \/>\n<meta property=\"og:type\" content=\"article\" \/>\n<meta property=\"og:title\" content=\"Accueil - Construcciones Bernardo\" \/>\n<meta property=\"og:url\" content=\"https:\/\/www.ccbernardo.com\/fr\/\" \/>\n<meta property=\"og:site_name\" content=\"Construcciones Bernardo\" \/>\n<meta property=\"article:modified_time\" content=\"2016-11-27T23:36:39+00:00\" \/>\n<meta property=\"og:image\" content=\"https:\/\/www.ccbernardo.com\/fr\/wp-content\/uploads\/sites\/3\/2011\/09\/obra-civil.jpg\" \/>\n\t<meta property=\"og:image:width\" content=\"585\" \/>\n\t<meta property=\"og:image:height\" content=\"216\" \/>\n\t<meta property=\"og:image:type\" content=\"image\/jpeg\" \/>\n<meta name=\"twitter:label1\" content=\"Dur\u00e9e de lecture estim\u00e9e\" \/>\n\t<meta name=\"twitter:data1\" content=\"1 minute\" \/>\n<script type=\"application\/ld+json\" class=\"yoast-schema-graph\">{\"@context\":\"https:\/\/schema.org\",\"@graph\":[{\"@type\":\"WebPage\",\"@id\":\"https:\/\/www.ccbernardo.com\/fr\/\",\"url\":\"https:\/\/www.ccbernardo.com\/fr\/\",\"name\":\"Accueil - Construcciones Bernardo\",\"isPartOf\":{\"@id\":\"https:\/\/www.ccbernardo.com\/fr\/#website\"},\"primaryImageOfPage\":{\"@id\":\"https:\/\/www.ccbernardo.com\/fr\/#primaryimage\"},\"image\":{\"@id\":\"https:\/\/www.ccbernardo.com\/fr\/#primaryimage\"},\"thumbnailUrl\":\"https:\/\/www.ccbernardo.com\/fr\/wp-content\/uploads\/sites\/3\/2011\/09\/obra-civil.jpg\",\"datePublished\":\"2011-09-14T09:45:02+00:00\",\"dateModified\":\"2016-11-27T23:36:39+00:00\",\"breadcrumb\":{\"@id\":\"https:\/\/www.ccbernardo.com\/fr\/#breadcrumb\"},\"inLanguage\":\"fr-FR\",\"potentialAction\":[{\"@type\":\"ReadAction\",\"target\":[\"https:\/\/www.ccbernardo.com\/fr\/\"]}]},{\"@type\":\"ImageObject\",\"inLanguage\":\"fr-FR\",\"@id\":\"https:\/\/www.ccbernardo.com\/fr\/#primaryimage\",\"url\":\"https:\/\/www.ccbernardo.com\/fr\/wp-content\/uploads\/sites\/3\/2011\/09\/obra-civil.jpg\",\"contentUrl\":\"https:\/\/www.ccbernardo.com\/fr\/wp-content\/uploads\/sites\/3\/2011\/09\/obra-civil.jpg\",\"width\":585,\"height\":216},{\"@type\":\"BreadcrumbList\",\"@id\":\"https:\/\/www.ccbernardo.com\/fr\/#breadcrumb\",\"itemListElement\":[{\"@type\":\"ListItem\",\"position\":1,\"name\":\"Portada\",\"item\":\"https:\/\/www.ccbernardo.com\/fr\/\"},{\"@type\":\"ListItem\",\"position\":2,\"name\":\"Accueil\"}]},{\"@type\":\"WebSite\",\"@id\":\"https:\/\/www.ccbernardo.com\/fr\/#website\",\"url\":\"https:\/\/www.ccbernardo.com\/fr\/\",\"name\":\"Construcciones Bernardo\",\"description\":\"\",\"potentialAction\":[{\"@type\":\"SearchAction\",\"target\":{\"@type\":\"EntryPoint\",\"urlTemplate\":\"https:\/\/www.ccbernardo.com\/fr\/?s={search_term_string}\"},\"query-input\":{\"@type\":\"PropertyValueSpecification\",\"valueRequired\":true,\"valueName\":\"search_term_string\"}}],\"inLanguage\":\"fr-FR\"}]}<\/script>\n<!-- \/ Yoast SEO plugin. -->","yoast_head_json":{"title":"Accueil - Construcciones Bernardo","robots":{"index":"index","follow":"follow","max-snippet":"max-snippet:-1","max-image-preview":"max-image-preview:large","max-video-preview":"max-video-preview:-1"},"canonical":"https:\/\/www.ccbernardo.com\/fr\/","og_locale":"fr_FR","og_type":"article","og_title":"Accueil - Construcciones Bernardo","og_url":"https:\/\/www.ccbernardo.com\/fr\/","og_site_name":"Construcciones Bernardo","article_modified_time":"2016-11-27T23:36:39+00:00","og_image":[{"width":585,"height":216,"url":"https:\/\/www.ccbernardo.com\/fr\/wp-content\/uploads\/sites\/3\/2011\/09\/obra-civil.jpg","type":"image\/jpeg"}],"twitter_misc":{"Dur\u00e9e de lecture estim\u00e9e":"1 minute"},"schema":{"@context":"https:\/\/schema.org","@graph":[{"@type":"WebPage","@id":"https:\/\/www.ccbernardo.com\/fr\/","url":"https:\/\/www.ccbernardo.com\/fr\/","name":"Accueil - Construcciones Bernardo","isPartOf":{"@id":"https:\/\/www.ccbernardo.com\/fr\/#website"},"primaryImageOfPage":{"@id":"https:\/\/www.ccbernardo.com\/fr\/#primaryimage"},"image":{"@id":"https:\/\/www.ccbernardo.com\/fr\/#primaryimage"},"thumbnailUrl":"https:\/\/www.ccbernardo.com\/fr\/wp-content\/uploads\/sites\/3\/2011\/09\/obra-civil.jpg","datePublished":"2011-09-14T09:45:02+00:00","dateModified":"2016-11-27T23:36:39+00:00","breadcrumb":{"@id":"https:\/\/www.ccbernardo.com\/fr\/#breadcrumb"},"inLanguage":"fr-FR","potentialAction":[{"@type":"ReadAction","target":["https:\/\/www.ccbernardo.com\/fr\/"]}]},{"@type":"ImageObject","inLanguage":"fr-FR","@id":"https:\/\/www.ccbernardo.com\/fr\/#primaryimage","url":"https:\/\/www.ccbernardo.com\/fr\/wp-content\/uploads\/sites\/3\/2011\/09\/obra-civil.jpg","contentUrl":"https:\/\/www.ccbernardo.com\/fr\/wp-content\/uploads\/sites\/3\/2011\/09\/obra-civil.jpg","width":585,"height":216},{"@type":"BreadcrumbList","@id":"https:\/\/www.ccbernardo.com\/fr\/#breadcrumb","itemListElement":[{"@type":"ListItem","position":1,"name":"Portada","item":"https:\/\/www.ccbernardo.com\/fr\/"},{"@type":"ListItem","position":2,"name":"Accueil"}]},{"@type":"WebSite","@id":"https:\/\/www.ccbernardo.com\/fr\/#website","url":"https:\/\/www.ccbernardo.com\/fr\/","name":"Construcciones Bernardo","description":"","potentialAction":[{"@type":"SearchAction","target":{"@type":"EntryPoint","urlTemplate":"https:\/\/www.ccbernardo.com\/fr\/?s={search_term_string}"},"query-input":{"@type":"PropertyValueSpecification","valueRequired":true,"valueName":"search_term_string"}}],"inLanguage":"fr-FR"}]}},"_links":{"self":[{"href":"https:\/\/www.ccbernardo.com\/fr\/wp-json\/wp\/v2\/pages\/203","targetHints":{"allow":["GET"]}}],"collection":[{"href":"https:\/\/www.ccbernardo.com\/fr\/wp-json\/wp\/v2\/pages"}],"about":[{"href":"https:\/\/www.ccbernardo.com\/fr\/wp-json\/wp\/v2\/types\/page"}],"author":[{"embeddable":true,"href":"https:\/\/www.ccbernardo.com\/fr\/wp-json\/wp\/v2\/users\/1"}],"replies":[{"embeddable":true,"href":"https:\/\/www.ccbernardo.com\/fr\/wp-json\/wp\/v2\/comments?post=203"}],"version-history":[{"count":5,"href":"https:\/\/www.ccbernardo.com\/fr\/wp-json\/wp\/v2\/pages\/203\/revisions"}],"predecessor-version":[{"id":4016,"href":"https:\/\/www.ccbernardo.com\/fr\/wp-json\/wp\/v2\/pages\/203\/revisions\/4016"}],"wp:featuredmedia":[{"embeddable":true,"href":"https:\/\/www.ccbernardo.com\/fr\/wp-json\/wp\/v2\/media\/2902"}],"wp:attachment":[{"href":"https:\/\/www.ccbernardo.com\/fr\/wp-json\/wp\/v2\/media?parent=203"}],"curies":[{"name":"wp","href":"https:\/\/api.w.org\/{rel}","templated":true}]}}