{"id":1797,"date":"2011-07-14T19:45:29","date_gmt":"2011-07-14T19:45:29","guid":{"rendered":"http:\/\/192.168.9.29\/Development\/TB\/?page_id=5"},"modified":"2014-10-28T14:12:35","modified_gmt":"2014-10-28T14:12:35","slug":"propos","status":"publish","type":"page","link":"https:\/\/www.ccbernardo.com\/fr\/propos\/","title":{"rendered":"\u00c0 propos"},"content":{"rendered":"<div class=\"row \">\n<div class=\"span11 \"><div class=\"title-box clearfix \"><h2 class=\"title-box_primary\">Construcciones y Contratas Bernardo, S.A.<\/h2><\/div><!-- \/\/.title-box -->\n<p><img loading=\"lazy\" decoding=\"async\" class=\"size-full wp-image-1875 alignleft clear-bottom\" alt=\"about\" src=\"https:\/\/www.ccbernardo.com\/wp-content\/uploads\/2013\/construcciones-bernardo-instalaciones04.jpg\" width=\"321\" height=\"229\" \/><\/p>\n<span class=\"text-highlight\">Construcciones y Contratas Bernardo, S. A. <\/span><!-- .highlight (end) -->est une entreprise familiale cr\u00e9\u00e9e en 1992 par les fr\u00e8res Bernardo apr\u00e8s avoir travaill\u00e9 ensemble pendant plus de 30 ans sous diff\u00e9rents statuts juridiques en fonction de l\u2019\u00e9volution de l\u2019entreprise d\u00e9di\u00e9e au BTP.<div class=\"spacer\"><\/div><!-- .spacer (end) --><span class=\"text-highlight\"> UNE ENTREPRISE AYANT DE NOMBREUSES ANN\u00c9ES D\u2019EXP\u00c9RIENCE<\/span><!-- .highlight (end) -->, toujours renforc\u00e9e \u00e0 travers l\u2019accroissement des capacit\u00e9s techniques et humaines n\u00e9cessaires pour respecter des engagements innovants, un dynamisme et une polyvalence \u00e0 toute \u00e9preuve, afin de satisfaire efficacement les exigences impos\u00e9es par nos clients.<div class=\"spacer\"><\/div><!-- .spacer (end) --><\/div>\n<\/div><!-- .row (end) -->\n<div class=\"row \">\n<div class=\"span11 \"><h1>Construcciones y Contratas Bernardo, S.A.<\/h1>\n<p>Entreprise experte en:<\/p>\n<h2>Maisons<\/h2>\n<p>C Y C Bernardo se sp\u00e9cialise dans la construction de tout type de maison neuve, notamment les maisons familiales, <strong>de la conception aux derni\u00e8res finitions et \u00e0 la livraison cl\u00e9 en main<\/strong>.<\/p>\n<p>Nous r\u00e9alisons des <strong>mod\u00e8les exclusifs<\/strong> sur demande de nos clients, du style rustique au plus moderne.<\/p>\n<p>Nous r\u00e9novons \u00e9galement des maisons, des b\u00e2timents et des locaux en les adaptant aux besoins de nos clients.<\/p>\n<p>Nous r\u00e9habilitons aussi des b\u00e2timents de <strong>fa\u00e7on totale ou partielle pour :<\/strong>:<\/p>\n<p>\u2022 Atteindre des conditions de s\u00e9curit\u00e9 structurelle et constructive suffisantes en apportant \u00e0 la structure des caract\u00e9ristiques adapt\u00e9es en mati\u00e8re de r\u00e9sistance m\u00e9canique, de stabilit\u00e9 et de capacit\u00e9 de service.<br \/>\n\u2022 Am\u00e9liorer la protection contre la pr\u00e9sence de l\u2019eau et de l\u2019humidit\u00e9.<br \/>\n\u2022 Am\u00e9liorer l\u2019\u00e9clairage naturel et l\u2019a\u00e9ration int\u00e9rieure.<br \/>\n\u2022 Am\u00e9liorer les installations d\u2019approvisionnement en eau, gaz, \u00e9lectricit\u00e9 et assainissement.<br \/>\n\u2022 Am\u00e9liorer les conditions d\u2019accessibilit\u00e9 \u00e0 travers la suppression des barri\u00e8res architecturales et l\u2019adaptation fonctionnelle aux besoins des personnes handicap\u00e9es.<br \/>\n\u2022 Am\u00e9liorer les conditions d\u2019efficacit\u00e9 \u00e9nerg\u00e9tique.<br \/>\n\u2022 Am\u00e9liorer l\u2019acc\u00e8s aux services de t\u00e9l\u00e9communication, audiovisuels et d\u2019information.<br \/>\n\u2022 Am\u00e9liorer la disposition et les dimensions des espaces int\u00e9rieurs (pour la r\u00e9habilitation des logements).<br \/>\n\u2022 L\u2019installation, la r\u00e9novation et l\u2019am\u00e9lioration des ascenseurs et leurs conditions de s\u00e9curit\u00e9 (pour la r\u00e9habilitation des zones communes des b\u00e2timents).<\/p>\n<h2>B\u00e2timents<\/h2>\n<p>C Y C Bernado poss\u00e8de une <strong>une vaste exp\u00e9rience<\/strong> dans la construction de tout type de b\u00e2timent <strong>pour l\u2019industrie<\/strong> (cha\u00eenes de production, entrep\u00f4ts, ateliers), <strong>l\u2019\u00e9levage<\/strong> (porcin, bovin, avicole) ou <strong>l\u2019agriculture <\/strong> (stockage des c\u00e9r\u00e9ales et des produits, parois, hauteurs et enclos sp\u00e9cifiques). Pour cela, nous nous adaptons \u00e0 chaque secteur et \u00e0 leurs exigences l\u00e9gales.<br \/>\n<strong>Nous travaillons avec les diff\u00e9rents types de structures <\/strong>(m\u00e9talliques ou pr\u00e9fabriqu\u00e9es en b\u00e9ton) et nous r\u00e9alisons des fermetures, aussi bien en pr\u00e9fabriqu\u00e9 qu\u2019en bloc de b\u00e9ton ou en t\u00f4le, ainsi que des toitures en tuile, en t\u00f4le ou en panneau sandwich.<br \/>\n<strong>Nous coordonnons tous nos travaux de A \u00e0 Z avec nos clients.<\/strong><\/p>\n<h2>Hydraulique<\/h2>\n<p>C Y C Bernardo se sp\u00e9cialise \u00e9galement dans la r\u00e9alisation <strong>d\u2019ouvrages hydrauliques<\/strong>, notamment pour r\u00e9pondre aux besoins du secteur primaire, tels que les canaux et les syst\u00e8mes d\u2019irrigation (en conduit, ouvert, etc.), les barrages ou les stations d\u2019\u00e9puration. <strong>Nous collaborons avec les autorit\u00e9s publiques ainsi qu\u2019avec les communaut\u00e9s d\u2019irrigants<\/strong>.<br \/>\nDe m\u00eame, nous participons activement aux travaux d\u2019urgence provoqu\u00e9s par les inondations, les crues ou toute autre catastrophe m\u00e9t\u00e9orologique, comme les travaux de reconstruction des digues \u00e0 Biescas (Huesca), de r\u00e9paration des talus de l\u2019\u00c8bre, de reconstruction du r\u00e9seau routier suite aux inondations dans la r\u00e9gion des Cinco Villas, etc.<\/p>\n<h2>Voiries<\/h2>\n<p>C Y C Bernardo offre des solutions de voiries telles que :<br \/>\n- <strong>Urbanisation:<\/strong> installation des services d\u2019une rue, d\u2019une place, d\u2019une zone, d\u2019un secteur, d\u2019un quartier, etc., comme les \u00e9gouts, les approvisionnements en eau, gaz, \u00e9lectricit\u00e9, t\u00e9l\u00e9phone et autres r\u00e9seaux de t\u00e9l\u00e9communication, les espaces verts, les chauss\u00e9es, les talus, les marges de protection, etc.<br \/>\n- <strong>R\u00e9novation d\u2019infrastructures de rues<\/strong> et de tout ce qui en d\u00e9coule, comme les installations d\u2019\u00e9lectricit\u00e9, d\u2019\u00e9clairage public, d\u2019assainissement, de collecteurs, etc. et leur chauss\u00e9e ou rev\u00eatement et trottoirs post\u00e9rieurs avec du b\u00e9ton imprim\u00e9.<br \/>\n- <strong>Construction ou r\u00e9am\u00e9nagement des r\u00e9seaux routiers<\/strong>, des chemins, des pare-feux et des acc\u00e8s aux milieux naturels.<\/p>\n<h2>Autres<\/h2>\n<p>Outre les typologies ci-dessus, C Y C Bernardo r\u00e9alise tout autre type de construction comme <strong>l\u2019installation de champs solaires, des infrastructures d\u2019\u00e9levage, des points propres, des installations techniques (\u00e9lectricit\u00e9, gaz...), etc.<\/strong><\/p>\n<h2>C Y C Bernardo offre des solutions adapt\u00e9es \u00e0 chaque projet en fonction des besoins du client et ind\u00e9pendamment de sa typologie.<\/h2><\/div>\n<\/div><!-- .row (end) --><div class=\"hr\"><\/div><!-- .hr (end) -->\n","protected":false},"excerpt":{"rendered":"","protected":false},"author":1,"featured_media":0,"parent":0,"menu_order":1,"comment_status":"open","ping_status":"open","template":"page-fullwidth.php","meta":{"footnotes":""},"class_list":["post-1797","page","type-page","status-publish","hentry"],"yoast_head":"<!-- This site is optimized with the Yoast SEO plugin v26.9 - https:\/\/yoast.com\/product\/yoast-seo-wordpress\/ -->\n<title>\u00c0 propos - Construcciones Bernardo<\/title>\n<meta name=\"robots\" content=\"index, follow, max-snippet:-1, max-image-preview:large, max-video-preview:-1\" \/>\n<link rel=\"canonical\" href=\"https:\/\/www.ccbernardo.com\/fr\/propos\/\" \/>\n<meta property=\"og:locale\" content=\"fr_FR\" \/>\n<meta property=\"og:type\" content=\"article\" \/>\n<meta property=\"og:title\" content=\"\u00c0 propos - Construcciones Bernardo\" \/>\n<meta property=\"og:url\" content=\"https:\/\/www.ccbernardo.com\/fr\/propos\/\" \/>\n<meta property=\"og:site_name\" content=\"Construcciones Bernardo\" \/>\n<meta property=\"article:modified_time\" content=\"2014-10-28T14:12:35+00:00\" \/>\n<meta property=\"og:image\" content=\"https:\/\/www.ccbernardo.com\/wp-content\/uploads\/2013\/construcciones-bernardo-instalaciones04.jpg\" \/>\n<meta name=\"twitter:label1\" content=\"Dur\u00e9e de lecture estim\u00e9e\" \/>\n\t<meta name=\"twitter:data1\" content=\"4 minutes\" \/>\n<script type=\"application\/ld+json\" class=\"yoast-schema-graph\">{\"@context\":\"https:\/\/schema.org\",\"@graph\":[{\"@type\":\"WebPage\",\"@id\":\"https:\/\/www.ccbernardo.com\/fr\/propos\/\",\"url\":\"https:\/\/www.ccbernardo.com\/fr\/propos\/\",\"name\":\"\u00c0 propos - Construcciones Bernardo\",\"isPartOf\":{\"@id\":\"https:\/\/www.ccbernardo.com\/fr\/#website\"},\"primaryImageOfPage\":{\"@id\":\"https:\/\/www.ccbernardo.com\/fr\/propos\/#primaryimage\"},\"image\":{\"@id\":\"https:\/\/www.ccbernardo.com\/fr\/propos\/#primaryimage\"},\"thumbnailUrl\":\"https:\/\/www.ccbernardo.com\/wp-content\/uploads\/2013\/construcciones-bernardo-instalaciones04.jpg\",\"datePublished\":\"2011-07-14T19:45:29+00:00\",\"dateModified\":\"2014-10-28T14:12:35+00:00\",\"breadcrumb\":{\"@id\":\"https:\/\/www.ccbernardo.com\/fr\/propos\/#breadcrumb\"},\"inLanguage\":\"fr-FR\",\"potentialAction\":[{\"@type\":\"ReadAction\",\"target\":[\"https:\/\/www.ccbernardo.com\/fr\/propos\/\"]}]},{\"@type\":\"ImageObject\",\"inLanguage\":\"fr-FR\",\"@id\":\"https:\/\/www.ccbernardo.com\/fr\/propos\/#primaryimage\",\"url\":\"https:\/\/www.ccbernardo.com\/wp-content\/uploads\/2013\/construcciones-bernardo-instalaciones04.jpg\",\"contentUrl\":\"https:\/\/www.ccbernardo.com\/wp-content\/uploads\/2013\/construcciones-bernardo-instalaciones04.jpg\"},{\"@type\":\"BreadcrumbList\",\"@id\":\"https:\/\/www.ccbernardo.com\/fr\/propos\/#breadcrumb\",\"itemListElement\":[{\"@type\":\"ListItem\",\"position\":1,\"name\":\"Portada\",\"item\":\"https:\/\/www.ccbernardo.com\/fr\/\"},{\"@type\":\"ListItem\",\"position\":2,\"name\":\"\u00c0 propos\"}]},{\"@type\":\"WebSite\",\"@id\":\"https:\/\/www.ccbernardo.com\/fr\/#website\",\"url\":\"https:\/\/www.ccbernardo.com\/fr\/\",\"name\":\"Construcciones Bernardo\",\"description\":\"\",\"potentialAction\":[{\"@type\":\"SearchAction\",\"target\":{\"@type\":\"EntryPoint\",\"urlTemplate\":\"https:\/\/www.ccbernardo.com\/fr\/?s={search_term_string}\"},\"query-input\":{\"@type\":\"PropertyValueSpecification\",\"valueRequired\":true,\"valueName\":\"search_term_string\"}}],\"inLanguage\":\"fr-FR\"}]}<\/script>\n<!-- \/ Yoast SEO plugin. -->","yoast_head_json":{"title":"\u00c0 propos - Construcciones Bernardo","robots":{"index":"index","follow":"follow","max-snippet":"max-snippet:-1","max-image-preview":"max-image-preview:large","max-video-preview":"max-video-preview:-1"},"canonical":"https:\/\/www.ccbernardo.com\/fr\/propos\/","og_locale":"fr_FR","og_type":"article","og_title":"\u00c0 propos - Construcciones Bernardo","og_url":"https:\/\/www.ccbernardo.com\/fr\/propos\/","og_site_name":"Construcciones Bernardo","article_modified_time":"2014-10-28T14:12:35+00:00","og_image":[{"url":"https:\/\/www.ccbernardo.com\/wp-content\/uploads\/2013\/construcciones-bernardo-instalaciones04.jpg","type":"","width":"","height":""}],"twitter_misc":{"Dur\u00e9e de lecture estim\u00e9e":"4 minutes"},"schema":{"@context":"https:\/\/schema.org","@graph":[{"@type":"WebPage","@id":"https:\/\/www.ccbernardo.com\/fr\/propos\/","url":"https:\/\/www.ccbernardo.com\/fr\/propos\/","name":"\u00c0 propos - Construcciones Bernardo","isPartOf":{"@id":"https:\/\/www.ccbernardo.com\/fr\/#website"},"primaryImageOfPage":{"@id":"https:\/\/www.ccbernardo.com\/fr\/propos\/#primaryimage"},"image":{"@id":"https:\/\/www.ccbernardo.com\/fr\/propos\/#primaryimage"},"thumbnailUrl":"https:\/\/www.ccbernardo.com\/wp-content\/uploads\/2013\/construcciones-bernardo-instalaciones04.jpg","datePublished":"2011-07-14T19:45:29+00:00","dateModified":"2014-10-28T14:12:35+00:00","breadcrumb":{"@id":"https:\/\/www.ccbernardo.com\/fr\/propos\/#breadcrumb"},"inLanguage":"fr-FR","potentialAction":[{"@type":"ReadAction","target":["https:\/\/www.ccbernardo.com\/fr\/propos\/"]}]},{"@type":"ImageObject","inLanguage":"fr-FR","@id":"https:\/\/www.ccbernardo.com\/fr\/propos\/#primaryimage","url":"https:\/\/www.ccbernardo.com\/wp-content\/uploads\/2013\/construcciones-bernardo-instalaciones04.jpg","contentUrl":"https:\/\/www.ccbernardo.com\/wp-content\/uploads\/2013\/construcciones-bernardo-instalaciones04.jpg"},{"@type":"BreadcrumbList","@id":"https:\/\/www.ccbernardo.com\/fr\/propos\/#breadcrumb","itemListElement":[{"@type":"ListItem","position":1,"name":"Portada","item":"https:\/\/www.ccbernardo.com\/fr\/"},{"@type":"ListItem","position":2,"name":"\u00c0 propos"}]},{"@type":"WebSite","@id":"https:\/\/www.ccbernardo.com\/fr\/#website","url":"https:\/\/www.ccbernardo.com\/fr\/","name":"Construcciones Bernardo","description":"","potentialAction":[{"@type":"SearchAction","target":{"@type":"EntryPoint","urlTemplate":"https:\/\/www.ccbernardo.com\/fr\/?s={search_term_string}"},"query-input":{"@type":"PropertyValueSpecification","valueRequired":true,"valueName":"search_term_string"}}],"inLanguage":"fr-FR"}]}},"_links":{"self":[{"href":"https:\/\/www.ccbernardo.com\/fr\/wp-json\/wp\/v2\/pages\/1797","targetHints":{"allow":["GET"]}}],"collection":[{"href":"https:\/\/www.ccbernardo.com\/fr\/wp-json\/wp\/v2\/pages"}],"about":[{"href":"https:\/\/www.ccbernardo.com\/fr\/wp-json\/wp\/v2\/types\/page"}],"author":[{"embeddable":true,"href":"https:\/\/www.ccbernardo.com\/fr\/wp-json\/wp\/v2\/users\/1"}],"replies":[{"embeddable":true,"href":"https:\/\/www.ccbernardo.com\/fr\/wp-json\/wp\/v2\/comments?post=1797"}],"version-history":[{"count":2,"href":"https:\/\/www.ccbernardo.com\/fr\/wp-json\/wp\/v2\/pages\/1797\/revisions"}],"predecessor-version":[{"id":3790,"href":"https:\/\/www.ccbernardo.com\/fr\/wp-json\/wp\/v2\/pages\/1797\/revisions\/3790"}],"wp:attachment":[{"href":"https:\/\/www.ccbernardo.com\/fr\/wp-json\/wp\/v2\/media?parent=1797"}],"curies":[{"name":"wp","href":"https:\/\/api.w.org\/{rel}","templated":true}]}}